
{"id":495,"date":"2024-10-25T15:49:36","date_gmt":"2024-10-25T19:49:36","guid":{"rendered":"https:\/\/www.wolfestreetacademy.org\/?page_id=495"},"modified":"2024-10-25T16:14:15","modified_gmt":"2024-10-25T20:14:15","slug":"news","status":"publish","type":"page","link":"https:\/\/www.wolfestreetacademy.org\/fr\/news\/","title":{"rendered":"Nouvelles"},"content":{"rendered":"<div id=\"fws_69f1ebd670d1e\"  data-column-margin=\"10px\" data-midnight=\"light\"  class=\"wpb_row vc_row-fluid vc_row full-width-section has-row-bg-color vc_row-o-equal-height vc_row-flex vc_row-o-content-middle\"  style=\"padding-top: 0px; padding-bottom: 0px; --row-bg-color: #003068;\"><div class=\"row-bg-wrap\" data-bg-animation=\"none\" data-bg-animation-delay=\"\" data-bg-overlay=\"false\"><div class=\"inner-wrap row-bg-layer\" ><div class=\"row-bg viewport-desktop using-bg-color\"  style=\"background-color: #003068; \"><\/div><\/div><\/div><div class=\"row_col_wrap_12 col span_12 light right\">\n\t<div  class=\"vc_col-sm-6 vc_col-xs-12 wpb_column column_container vc_column_container col padding-8-percent force-phone-text-align-center inherit_tablet padding-2-percent_phone\"  data-padding-pos=\"all\" data-has-bg-color=\"false\" data-bg-color=\"\" data-bg-opacity=\"1\" data-animation=\"\" data-delay=\"0\" >\n\t\t<div class=\"vc_column-inner\" >\n\t\t\t<div class=\"wpb_wrapper\">\n\t\t\t\t\n<div class=\"wpb_text_column wpb_content_element\" >\n\t<h1>Nouvelles<\/h1>\n<\/div>\n\n\n\n\n\t\t\t<\/div> \n\t\t<\/div>\n\t<\/div> \n\n\t<div style=\"\" class=\"vc_col-sm-3 vc_col-xs-6 wpb_column column_container vc_column_container col no-extra-padding inherit_tablet padding-8-percent_phone\" data-using-bg=\"true\" data-bg-cover=\"true\" data-padding-pos=\"all\" data-has-bg-color=\"false\" data-bg-color=\"\" data-bg-opacity=\"1\" data-animation=\"\" data-delay=\"0\" >\n\t\t<div class=\"vc_column-inner\" ><div class=\"column-image-bg-wrap column-bg-layer viewport-desktop\" data-bg-pos=\"center center\" data-bg-animation=\"none\" data-bg-overlay=\"false\"><div class=\"inner-wrap\"><div class=\"column-image-bg\" style=\" background-image: url('https:\/\/www.wolfestreetacademy.org\/wp-content\/uploads\/2022\/09\/Studetn-working-on-a-computer.jpeg'); \"><\/div><\/div><\/div>\n\t\t\t<div class=\"wpb_wrapper\">\n\t\t\t\t\n\t\t\t<\/div> \n\t\t<\/div>\n\t<\/div> \n\n\t<div style=\"\" class=\"vc_col-sm-3 vc_col-xs-6 wpb_column column_container vc_column_container col no-extra-padding inherit_tablet padding-8-percent_phone\" data-using-bg=\"true\" data-bg-cover=\"true\" data-padding-pos=\"all\" data-has-bg-color=\"false\" data-bg-color=\"\" data-bg-opacity=\"1\" data-animation=\"\" data-delay=\"0\" >\n\t\t<div class=\"vc_column-inner\" ><div class=\"column-image-bg-wrap column-bg-layer viewport-desktop\" data-bg-pos=\"center bottom\" data-bg-animation=\"none\" data-bg-overlay=\"false\"><div class=\"inner-wrap\"><div class=\"column-image-bg\" style=\" background-image: url('https:\/\/www.wolfestreetacademy.org\/wp-content\/uploads\/2023\/11\/Teacher-helping-student-with-project-655.jpeg'); \"><\/div><\/div><\/div>\n\t\t\t<div class=\"wpb_wrapper\">\n\t\t\t\t\n\t\t\t<\/div> \n\t\t<\/div>\n\t<\/div> \n<\/div><\/div>\n\t\t<div id=\"fws_69f1ebd67152c\"  data-column-margin=\"default\" data-midnight=\"dark\"  class=\"wpb_row vc_row-fluid vc_row\"  style=\"padding-top: 0px; padding-bottom: 0px; \"><div class=\"row-bg-wrap\" data-bg-animation=\"none\" data-bg-animation-delay=\"\" data-bg-overlay=\"false\"><div class=\"inner-wrap row-bg-layer\" ><div class=\"row-bg viewport-desktop\"  style=\"\"><\/div><\/div><\/div><div class=\"row_col_wrap_12 col span_12 dark left\">\n\t<div  class=\"vc_col-sm-12 vc_hidden-sm vc_hidden-xs wpb_column column_container vc_column_container col padding-3-percent inherit_tablet inherit_phone\"  data-padding-pos=\"top\" data-has-bg-color=\"false\" data-bg-color=\"\" data-bg-opacity=\"1\" data-animation=\"\" data-delay=\"0\" >\n\t\t<div class=\"vc_column-inner\" >\n\t\t\t<div class=\"wpb_wrapper\">\n\t\t\t\t<div id=\"fws_69f1ebd671728\" data-midnight=\"\" data-column-margin=\"default\" class=\"wpb_row vc_row-fluid vc_row inner_row\"  style=\"\"><div class=\"row-bg-wrap\"> <div class=\"row-bg\" ><\/div> <\/div><div class=\"row_col_wrap_12_inner col span_12  left\">\n\t<div style=\"margin-bottom: -10%; \" class=\"vc_col-sm-12 wpb_column column_container vc_column_container col child_column no-extra-padding inherit_tablet inherit_phone\"   data-padding-pos=\"all\" data-has-bg-color=\"false\" data-bg-color=\"\" data-bg-opacity=\"1\" data-animation=\"\" data-delay=\"0\" >\n\t\t<div class=\"vc_column-inner\" >\n\t\t<div class=\"wpb_wrapper\">\n\t\t\t\n<div class=\"wpb_text_column wpb_content_element\" >\n\t<h2 style=\"text-align: center;\"><span style=\"color: #003068;\">Nouvelles de la rue Wolfe<\/span><\/h2>\n<\/div>\n\n\n\n\n\t\t<\/div> \n\t<\/div>\n\t<\/div> \n<\/div><\/div>\n\t<div class=\"wpb_raw_code wpb_raw_html wpb_content_element\" >\n\t\t<div class=\"wpb_wrapper\">\n\t\t\t<div id=\"iframe-wrapper\">\n    <iframe loading=\"lazy\" src=\"https:\/\/www.baltimorecp.org\/wolfe-street-news\/\" width=\"100%\" height=\"2725\" onclick='window.open();'><\/iframe>\n    <div id=\"iframe-overlay\"><\/div>\n<\/div>\n\t\t<\/div>\n\t<\/div>\n\n\t\t\t<\/div> \n\t\t<\/div>\n\t<\/div> \n<\/div><\/div>\n\t\t<div id=\"fws_69f1ebd6719b0\"  data-column-margin=\"default\" data-midnight=\"dark\"  class=\"wpb_row vc_row-fluid vc_row\"  style=\"padding-top: 0px; padding-bottom: 0px; \"><div class=\"row-bg-wrap\" data-bg-animation=\"none\" data-bg-animation-delay=\"\" data-bg-overlay=\"false\"><div class=\"inner-wrap row-bg-layer\" ><div class=\"row-bg viewport-desktop\"  style=\"\"><\/div><\/div><\/div><div class=\"row_col_wrap_12 col span_12 dark left\">\n\t<div  class=\"vc_col-sm-12 vc_hidden-lg vc_hidden-md wpb_column column_container vc_column_container col padding-3-percent inherit_tablet inherit_phone\"  data-padding-pos=\"top\" data-has-bg-color=\"false\" data-bg-color=\"\" data-bg-opacity=\"1\" data-animation=\"\" data-delay=\"0\" >\n\t\t<div class=\"vc_column-inner\" >\n\t\t\t<div class=\"wpb_wrapper\">\n\t\t\t\t<div id=\"fws_69f1ebd671ad4\" data-midnight=\"\" data-column-margin=\"default\" class=\"wpb_row vc_row-fluid vc_row inner_row\"  style=\"\"><div class=\"row-bg-wrap\"> <div class=\"row-bg\" ><\/div> <\/div><div class=\"row_col_wrap_12_inner col span_12  left\">\n\t<div style=\"margin-bottom: -10%; \" class=\"vc_col-sm-12 wpb_column column_container vc_column_container col child_column no-extra-padding inherit_tablet inherit_phone\"   data-padding-pos=\"all\" data-has-bg-color=\"false\" data-bg-color=\"\" data-bg-opacity=\"1\" data-animation=\"\" data-delay=\"0\" >\n\t\t<div class=\"vc_column-inner\" >\n\t\t<div class=\"wpb_wrapper\">\n\t\t\t\n<div class=\"wpb_text_column wpb_content_element\" >\n\t<h2 style=\"text-align: center;\"><span style=\"color: #003068;\">Nouvelles de la rue Wolfe<\/span><\/h2>\n<\/div>\n\n\n\n\n\t\t<\/div> \n\t<\/div>\n\t<\/div> \n<\/div><\/div>\n\t<div class=\"wpb_raw_code wpb_raw_html wpb_content_element\" >\n\t\t<div class=\"wpb_wrapper\">\n\t\t\t<div id=\"iframe-wrapper\">\n    <iframe loading=\"lazy\" src=\"https:\/\/www.baltimorecp.org\/wolfe-street-news\/\" width=\"100%\" height=\"7650\" onclick='window.open();'><\/iframe>\n    <div id=\"iframe-overlay\"><\/div>\n<\/div>\n\t\t<\/div>\n\t<\/div>\n\n\t\t\t<\/div> \n\t\t<\/div>\n\t<\/div> \n<\/div><\/div>","protected":false},"excerpt":{"rendered":"News Wolfe Street News Wolfe Street News","protected":false},"author":2,"featured_media":0,"parent":0,"menu_order":0,"comment_status":"closed","ping_status":"closed","template":"","meta":{"footnotes":""},"class_list":["post-495","page","type-page","status-publish"],"yoast_head":"<!-- This site is optimized with the Yoast SEO plugin v27.5 - https:\/\/yoast.com\/product\/yoast-seo-wordpress\/ -->\n<title>News | Wolfe Street Academy | Baltimore City Charter School<\/title>\n<meta name=\"description\" content=\"Wolfe Street Academy receives funding from the Federal Government that is meant to support the academic performance of our students.\" \/>\n<meta name=\"robots\" content=\"index, follow, max-snippet:-1, max-image-preview:large, max-video-preview:-1\" \/>\n<link rel=\"canonical\" href=\"https:\/\/www.wolfestreetacademy.org\/fr\/news\/\" \/>\n<meta property=\"og:locale\" content=\"fr_FR\" \/>\n<meta property=\"og:type\" content=\"article\" \/>\n<meta property=\"og:title\" content=\"News | Wolfe Street Academy | Baltimore City Charter School\" \/>\n<meta property=\"og:description\" content=\"Wolfe Street Academy receives funding from the Federal Government that is meant to support the academic performance of our students.\" \/>\n<meta property=\"og:url\" content=\"https:\/\/www.wolfestreetacademy.org\/fr\/news\/\" \/>\n<meta property=\"og:site_name\" content=\"Wolfe Street Academy\" \/>\n<meta property=\"article:publisher\" content=\"https:\/\/www.facebook.com\/Pimlico223\" \/>\n<meta property=\"article:modified_time\" content=\"2024-10-25T20:14:15+00:00\" \/>\n<meta name=\"twitter:card\" content=\"summary_large_image\" \/>\n<meta name=\"twitter:label1\" content=\"Dur\u00e9e de lecture estim\u00e9e\" \/>\n\t<meta name=\"twitter:data1\" content=\"2 minutes\" \/>\n<script type=\"application\/ld+json\" class=\"yoast-schema-graph\">{\"@context\":\"https:\\\/\\\/schema.org\",\"@graph\":[{\"@type\":\"WebPage\",\"@id\":\"https:\\\/\\\/www.wolfestreetacademy.org\\\/news\\\/\",\"url\":\"https:\\\/\\\/www.wolfestreetacademy.org\\\/news\\\/\",\"name\":\"News | Wolfe Street Academy | Baltimore City Charter School\",\"isPartOf\":{\"@id\":\"https:\\\/\\\/www.wolfestreetacademy.org\\\/#website\"},\"datePublished\":\"2024-10-25T19:49:36+00:00\",\"dateModified\":\"2024-10-25T20:14:15+00:00\",\"description\":\"Wolfe Street Academy receives funding from the Federal Government that is meant to support the academic performance of our students.\",\"breadcrumb\":{\"@id\":\"https:\\\/\\\/www.wolfestreetacademy.org\\\/news\\\/#breadcrumb\"},\"inLanguage\":\"fr-FR\",\"potentialAction\":[{\"@type\":\"ReadAction\",\"target\":[\"https:\\\/\\\/www.wolfestreetacademy.org\\\/news\\\/\"]}]},{\"@type\":\"BreadcrumbList\",\"@id\":\"https:\\\/\\\/www.wolfestreetacademy.org\\\/news\\\/#breadcrumb\",\"itemListElement\":[{\"@type\":\"ListItem\",\"position\":1,\"name\":\"Home\",\"item\":\"https:\\\/\\\/www.wolfestreetacademy.org\\\/\"},{\"@type\":\"ListItem\",\"position\":2,\"name\":\"News\"}]},{\"@type\":\"WebSite\",\"@id\":\"https:\\\/\\\/www.wolfestreetacademy.org\\\/#website\",\"url\":\"https:\\\/\\\/www.wolfestreetacademy.org\\\/\",\"name\":\"Wolfe Street Academy\",\"description\":\"A Neighborhood Charter School of Baltimore Curriculum Project\",\"publisher\":{\"@id\":\"https:\\\/\\\/www.wolfestreetacademy.org\\\/#organization\"},\"potentialAction\":[{\"@type\":\"SearchAction\",\"target\":{\"@type\":\"EntryPoint\",\"urlTemplate\":\"https:\\\/\\\/www.wolfestreetacademy.org\\\/?s={search_term_string}\"},\"query-input\":{\"@type\":\"PropertyValueSpecification\",\"valueRequired\":true,\"valueName\":\"search_term_string\"}}],\"inLanguage\":\"fr-FR\"},{\"@type\":\"Organization\",\"@id\":\"https:\\\/\\\/www.wolfestreetacademy.org\\\/#organization\",\"name\":\"Wolfe Street Academy\",\"url\":\"https:\\\/\\\/www.wolfestreetacademy.org\\\/\",\"logo\":{\"@type\":\"ImageObject\",\"inLanguage\":\"fr-FR\",\"@id\":\"https:\\\/\\\/www.wolfestreetacademy.org\\\/#\\\/schema\\\/logo\\\/image\\\/\",\"url\":\"https:\\\/\\\/wolfestreet.wpengine.com\\\/wp-content\\\/uploads\\\/2022\\\/09\\\/pimlico_logo_tagline.jpg\",\"contentUrl\":\"https:\\\/\\\/wolfestreet.wpengine.com\\\/wp-content\\\/uploads\\\/2022\\\/09\\\/pimlico_logo_tagline.jpg\",\"width\":488,\"height\":185,\"caption\":\"Wolfe Street Academy\"},\"image\":{\"@id\":\"https:\\\/\\\/www.wolfestreetacademy.org\\\/#\\\/schema\\\/logo\\\/image\\\/\"},\"sameAs\":[\"https:\\\/\\\/www.facebook.com\\\/Pimlico223\",\"https:\\\/\\\/www.instagram.com\\\/pimlico223\\\/\"]}]}<\/script>\n<!-- \/ Yoast SEO plugin. -->","yoast_head_json":{"title":"Actualit\u00e9s | Wolfe Street Academy | \u00c9cole \u00e0 charte de la ville de Baltimore","description":"L'Acad\u00e9mie de Wolfe Street re\u00e7oit des fonds du gouvernement f\u00e9d\u00e9ral destin\u00e9s \u00e0 soutenir les r\u00e9sultats scolaires de nos \u00e9l\u00e8ves.","robots":{"index":"index","follow":"follow","max-snippet":"max-snippet:-1","max-image-preview":"max-image-preview:large","max-video-preview":"max-video-preview:-1"},"canonical":"https:\/\/www.wolfestreetacademy.org\/fr\/news\/","og_locale":"fr_FR","og_type":"article","og_title":"News | Wolfe Street Academy | Baltimore City Charter School","og_description":"Wolfe Street Academy receives funding from the Federal Government that is meant to support the academic performance of our students.","og_url":"https:\/\/www.wolfestreetacademy.org\/fr\/news\/","og_site_name":"Wolfe Street Academy","article_publisher":"https:\/\/www.facebook.com\/Pimlico223","article_modified_time":"2024-10-25T20:14:15+00:00","twitter_card":"summary_large_image","twitter_misc":{"Dur\u00e9e de lecture estim\u00e9e":"2 minutes"},"schema":{"@context":"https:\/\/schema.org","@graph":[{"@type":"WebPage","@id":"https:\/\/www.wolfestreetacademy.org\/news\/","url":"https:\/\/www.wolfestreetacademy.org\/news\/","name":"Actualit\u00e9s | Wolfe Street Academy | \u00c9cole \u00e0 charte de la ville de Baltimore","isPartOf":{"@id":"https:\/\/www.wolfestreetacademy.org\/#website"},"datePublished":"2024-10-25T19:49:36+00:00","dateModified":"2024-10-25T20:14:15+00:00","description":"L'Acad\u00e9mie de Wolfe Street re\u00e7oit des fonds du gouvernement f\u00e9d\u00e9ral destin\u00e9s \u00e0 soutenir les r\u00e9sultats scolaires de nos \u00e9l\u00e8ves.","breadcrumb":{"@id":"https:\/\/www.wolfestreetacademy.org\/news\/#breadcrumb"},"inLanguage":"fr-FR","potentialAction":[{"@type":"ReadAction","target":["https:\/\/www.wolfestreetacademy.org\/news\/"]}]},{"@type":"BreadcrumbList","@id":"https:\/\/www.wolfestreetacademy.org\/news\/#breadcrumb","itemListElement":[{"@type":"ListItem","position":1,"name":"Home","item":"https:\/\/www.wolfestreetacademy.org\/"},{"@type":"ListItem","position":2,"name":"News"}]},{"@type":"WebSite","@id":"https:\/\/www.wolfestreetacademy.org\/#website","url":"https:\/\/www.wolfestreetacademy.org\/","name":"Acad\u00e9mie de la rue Wolfe","description":"Un projet de programme scolaire de la Neighborhood Charter School de Baltimore","publisher":{"@id":"https:\/\/www.wolfestreetacademy.org\/#organization"},"potentialAction":[{"@type":"SearchAction","target":{"@type":"EntryPoint","urlTemplate":"https:\/\/www.wolfestreetacademy.org\/?s={search_term_string}"},"query-input":{"@type":"PropertyValueSpecification","valueRequired":true,"valueName":"search_term_string"}}],"inLanguage":"fr-FR"},{"@type":"Organization","@id":"https:\/\/www.wolfestreetacademy.org\/#organization","name":"Acad\u00e9mie de la rue Wolfe","url":"https:\/\/www.wolfestreetacademy.org\/","logo":{"@type":"ImageObject","inLanguage":"fr-FR","@id":"https:\/\/www.wolfestreetacademy.org\/#\/schema\/logo\/image\/","url":"https:\/\/wolfestreet.wpengine.com\/wp-content\/uploads\/2022\/09\/pimlico_logo_tagline.jpg","contentUrl":"https:\/\/wolfestreet.wpengine.com\/wp-content\/uploads\/2022\/09\/pimlico_logo_tagline.jpg","width":488,"height":185,"caption":"Wolfe Street Academy"},"image":{"@id":"https:\/\/www.wolfestreetacademy.org\/#\/schema\/logo\/image\/"},"sameAs":["https:\/\/www.facebook.com\/Pimlico223","https:\/\/www.instagram.com\/pimlico223\/"]}]}},"featured_image_src":null,"featured_image_src_square":null,"_links":{"self":[{"href":"https:\/\/www.wolfestreetacademy.org\/fr\/wp-json\/wp\/v2\/pages\/495","targetHints":{"allow":["GET"]}}],"collection":[{"href":"https:\/\/www.wolfestreetacademy.org\/fr\/wp-json\/wp\/v2\/pages"}],"about":[{"href":"https:\/\/www.wolfestreetacademy.org\/fr\/wp-json\/wp\/v2\/types\/page"}],"author":[{"embeddable":true,"href":"https:\/\/www.wolfestreetacademy.org\/fr\/wp-json\/wp\/v2\/users\/2"}],"replies":[{"embeddable":true,"href":"https:\/\/www.wolfestreetacademy.org\/fr\/wp-json\/wp\/v2\/comments?post=495"}],"version-history":[{"count":0,"href":"https:\/\/www.wolfestreetacademy.org\/fr\/wp-json\/wp\/v2\/pages\/495\/revisions"}],"wp:attachment":[{"href":"https:\/\/www.wolfestreetacademy.org\/fr\/wp-json\/wp\/v2\/media?parent=495"}],"curies":[{"name":"wp","href":"https:\/\/api.w.org\/{rel}","templated":true}]}}